{"id":13,"date":"2018-05-08T20:44:25","date_gmt":"2018-05-08T20:44:25","guid":{"rendered":"http:\/\/wp.schubimedia.de\/?page_id=13"},"modified":"2021-02-01T10:41:17","modified_gmt":"2021-02-01T10:41:17","slug":"keyboards","status":"publish","type":"page","link":"http:\/\/wp.schubimedia.de\/?page_id=13","title":{"rendered":"Keyboards"},"content":{"rendered":"\n<h2>Piano<\/h2>\n\n\n\n<figure class=\"wp-block-image\"><img loading=\"lazy\" width=\"1024\" height=\"768\" src=\"http:\/\/wp.schubimedia.de\/wp-content\/uploads\/2018\/05\/steinway1-1024x768.jpg\" alt=\"\" class=\"wp-image-62\" srcset=\"http:\/\/wp.schubimedia.de\/wp-content\/uploads\/2018\/05\/steinway1-1024x768.jpg 1024w, http:\/\/wp.schubimedia.de\/wp-content\/uploads\/2018\/05\/steinway1-300x225.jpg 300w, http:\/\/wp.schubimedia.de\/wp-content\/uploads\/2018\/05\/steinway1-768x576.jpg 768w, http:\/\/wp.schubimedia.de\/wp-content\/uploads\/2018\/05\/steinway1.jpg 2048w\" sizes=\"(max-width: 1024px) 100vw, 1024px\" \/><\/figure>\n\n\n\n<p><br>Ein tolles Instrument ist der Steinway O-Fl\u00fcgel aus dem Jahre 1977.<\/p>\n\n\n\n<p>Abends bei sch\u00f6ner Beleuchtung am Fl\u00fcgel zu sitzen, zu spielen, was einem gerade in den Sinn kommt und dazu vielleicht noch einen guten Single-Malt zu genie\u00dfen &#8230;<\/p>\n\n\n\n<p>Im Jazz-Bereich ist mein Idol Oscar Peterson. Die Leichtigkeit &nbsp;seiner Spielweise ist immer wieder bewundernswert.<\/p>\n\n\n\n<h2>Orgel<\/h2>\n\n\n\n<figure class=\"wp-block-gallery columns-3 is-cropped\"><ul class=\"blocks-gallery-grid\"><li class=\"blocks-gallery-item\"><figure><img loading=\"lazy\" width=\"1020\" height=\"752\" src=\"http:\/\/wp.schubimedia.de\/wp-content\/uploads\/2019\/11\/hx3-hammond.jpg\" alt=\"\" data-id=\"348\" data-link=\"http:\/\/wp.schubimedia.de\/?attachment_id=348\" class=\"wp-image-348\" srcset=\"http:\/\/wp.schubimedia.de\/wp-content\/uploads\/2019\/11\/hx3-hammond.jpg 1020w, http:\/\/wp.schubimedia.de\/wp-content\/uploads\/2019\/11\/hx3-hammond-300x221.jpg 300w, http:\/\/wp.schubimedia.de\/wp-content\/uploads\/2019\/11\/hx3-hammond-768x566.jpg 768w\" sizes=\"(max-width: 1020px) 100vw, 1020px\" \/><\/figure><\/li><li class=\"blocks-gallery-item\"><figure><img loading=\"lazy\" width=\"1024\" height=\"768\" src=\"http:\/\/wp.schubimedia.de\/wp-content\/uploads\/2019\/11\/hx3-hammond1-1024x768.jpg\" alt=\"\" data-id=\"349\" data-link=\"http:\/\/wp.schubimedia.de\/?attachment_id=349\" class=\"wp-image-349\" srcset=\"http:\/\/wp.schubimedia.de\/wp-content\/uploads\/2019\/11\/hx3-hammond1-1024x768.jpg 1024w, http:\/\/wp.schubimedia.de\/wp-content\/uploads\/2019\/11\/hx3-hammond1-300x225.jpg 300w, http:\/\/wp.schubimedia.de\/wp-content\/uploads\/2019\/11\/hx3-hammond1-768x576.jpg 768w, http:\/\/wp.schubimedia.de\/wp-content\/uploads\/2019\/11\/hx3-hammond1.jpg 1200w\" sizes=\"(max-width: 1024px) 100vw, 1024px\" \/><\/figure><\/li><li class=\"blocks-gallery-item\"><figure><img loading=\"lazy\" width=\"1024\" height=\"768\" src=\"http:\/\/wp.schubimedia.de\/wp-content\/uploads\/2019\/11\/hx3-hammond2-1024x768.jpg\" alt=\"\" data-id=\"350\" data-link=\"http:\/\/wp.schubimedia.de\/?attachment_id=350\" class=\"wp-image-350\" srcset=\"http:\/\/wp.schubimedia.de\/wp-content\/uploads\/2019\/11\/hx3-hammond2-1024x768.jpg 1024w, http:\/\/wp.schubimedia.de\/wp-content\/uploads\/2019\/11\/hx3-hammond2-300x225.jpg 300w, http:\/\/wp.schubimedia.de\/wp-content\/uploads\/2019\/11\/hx3-hammond2-768x576.jpg 768w, http:\/\/wp.schubimedia.de\/wp-content\/uploads\/2019\/11\/hx3-hammond2.jpg 1200w\" sizes=\"(max-width: 1024px) 100vw, 1024px\" \/><\/figure><\/li><li class=\"blocks-gallery-item\"><figure><img loading=\"lazy\" width=\"1024\" height=\"768\" src=\"http:\/\/wp.schubimedia.de\/wp-content\/uploads\/2019\/11\/hx3-hammond3-1024x768.jpg\" alt=\"\" data-id=\"351\" data-link=\"http:\/\/wp.schubimedia.de\/?attachment_id=351\" class=\"wp-image-351\" srcset=\"http:\/\/wp.schubimedia.de\/wp-content\/uploads\/2019\/11\/hx3-hammond3-1024x768.jpg 1024w, http:\/\/wp.schubimedia.de\/wp-content\/uploads\/2019\/11\/hx3-hammond3-300x225.jpg 300w, http:\/\/wp.schubimedia.de\/wp-content\/uploads\/2019\/11\/hx3-hammond3-768x576.jpg 768w, http:\/\/wp.schubimedia.de\/wp-content\/uploads\/2019\/11\/hx3-hammond3.jpg 1200w\" sizes=\"(max-width: 1024px) 100vw, 1024px\" \/><\/figure><\/li><li class=\"blocks-gallery-item\"><figure><img loading=\"lazy\" width=\"768\" height=\"1024\" src=\"http:\/\/wp.schubimedia.de\/wp-content\/uploads\/2019\/11\/hx3-hammond4-768x1024.jpg\" alt=\"\" data-id=\"352\" data-link=\"http:\/\/wp.schubimedia.de\/?attachment_id=352\" class=\"wp-image-352\" srcset=\"http:\/\/wp.schubimedia.de\/wp-content\/uploads\/2019\/11\/hx3-hammond4-768x1024.jpg 768w, http:\/\/wp.schubimedia.de\/wp-content\/uploads\/2019\/11\/hx3-hammond4-225x300.jpg 225w, http:\/\/wp.schubimedia.de\/wp-content\/uploads\/2019\/11\/hx3-hammond4.jpg 900w\" sizes=\"(max-width: 768px) 100vw, 768px\" \/><\/figure><\/li><li class=\"blocks-gallery-item\"><figure><img loading=\"lazy\" width=\"906\" height=\"1024\" src=\"http:\/\/wp.schubimedia.de\/wp-content\/uploads\/2019\/11\/hx3-hammond5-906x1024.jpeg\" alt=\"\" data-id=\"353\" data-link=\"http:\/\/wp.schubimedia.de\/?attachment_id=353\" class=\"wp-image-353\" srcset=\"http:\/\/wp.schubimedia.de\/wp-content\/uploads\/2019\/11\/hx3-hammond5-906x1024.jpeg 906w, http:\/\/wp.schubimedia.de\/wp-content\/uploads\/2019\/11\/hx3-hammond5-266x300.jpeg 266w, http:\/\/wp.schubimedia.de\/wp-content\/uploads\/2019\/11\/hx3-hammond5-768x868.jpeg 768w, http:\/\/wp.schubimedia.de\/wp-content\/uploads\/2019\/11\/hx3-hammond5.jpeg 1062w\" sizes=\"(max-width: 906px) 100vw, 906px\" \/><\/figure><\/li><\/ul><\/figure>\n\n\n\n<p>Ich hatte 20 Jahre lang eine Hammond A100 mit einem Leslie 122 und habe sie dennoch verkauft. F\u00fcr die B\u00fchne war sie einfach zu schwer. <br>Deshalb habe ich mir aus der HX-3 von keyboardpartner.de eine transportable Version (24 kg ohne Gestell) gebaut, mit Eichenbrettern von unserem Fu\u00dfboden. Durch die inverse Tastaturfarbe sieht sie meinem Cembalo sehr \u00e4hnlich.<br>Und klingen tut sie absolut nach einem Original, auch das Spielgef\u00fchl ist dem Original sehr \u00e4hnlich. <\/p>\n\n\n\n<h2>Sonstige Keyboards f\u00fcr die B\u00fchne<\/h2>\n\n\n\n<figure class=\"wp-block-image\"><img loading=\"lazy\" width=\"1024\" height=\"768\" src=\"http:\/\/wp.schubimedia.de\/wp-content\/uploads\/2018\/05\/homestudio-1024x768.jpg\" alt=\"\" class=\"wp-image-59\" srcset=\"http:\/\/wp.schubimedia.de\/wp-content\/uploads\/2018\/05\/homestudio-1024x768.jpg 1024w, http:\/\/wp.schubimedia.de\/wp-content\/uploads\/2018\/05\/homestudio-300x225.jpg 300w, http:\/\/wp.schubimedia.de\/wp-content\/uploads\/2018\/05\/homestudio-768x576.jpg 768w\" sizes=\"(max-width: 1024px) 100vw, 1024px\" \/><\/figure>\n\n\n\n<p>Roland RD-800: die beste Pianotastatur bisher und gute Klavier und E-Piano Sounds<br>Nord Stage 3: die Universalmaschine schlechthin, Hammond, Pianos, Synthesizer, alles drin und dazu ultratransportabel&#8230;<br>Nord Lead 4: 4 Synthies in Einem, schneller Zugriff, klingt analog und transparent. Bin halt ein Nord-Fan \ud83d\ude42<\/p>\n","protected":false},"excerpt":{"rendered":"<p>Piano Ein tolles Instrument ist der Steinway O-Fl\u00fcgel aus dem Jahre 1977. Abends bei sch\u00f6ner Beleuchtung am Fl\u00fcgel zu sitzen, zu spielen, was einem gerade in den Sinn kommt und dazu vielleicht noch einen guten Single-Malt zu genie\u00dfen &#8230; Im Jazz-Bereich ist mein Idol Oscar Peterson. Die Leichtigkeit &nbsp;seiner Spielweise ist immer wieder bewundernswert. Orgel [&hellip;]<\/p>\n","protected":false},"author":1,"featured_media":0,"parent":0,"menu_order":0,"comment_status":"closed","ping_status":"closed","template":"","meta":[],"_links":{"self":[{"href":"http:\/\/wp.schubimedia.de\/index.php?rest_route=\/wp\/v2\/pages\/13"}],"collection":[{"href":"http:\/\/wp.schubimedia.de\/index.php?rest_route=\/wp\/v2\/pages"}],"about":[{"href":"http:\/\/wp.schubimedia.de\/index.php?rest_route=\/wp\/v2\/types\/page"}],"author":[{"embeddable":true,"href":"http:\/\/wp.schubimedia.de\/index.php?rest_route=\/wp\/v2\/users\/1"}],"replies":[{"embeddable":true,"href":"http:\/\/wp.schubimedia.de\/index.php?rest_route=%2Fwp%2Fv2%2Fcomments&post=13"}],"version-history":[{"count":17,"href":"http:\/\/wp.schubimedia.de\/index.php?rest_route=\/wp\/v2\/pages\/13\/revisions"}],"predecessor-version":[{"id":388,"href":"http:\/\/wp.schubimedia.de\/index.php?rest_route=\/wp\/v2\/pages\/13\/revisions\/388"}],"wp:attachment":[{"href":"http:\/\/wp.schubimedia.de\/index.php?rest_route=%2Fwp%2Fv2%2Fmedia&parent=13"}],"curies":[{"name":"wp","href":"https:\/\/api.w.org\/{rel}","templated":true}]}}